{"id":3,"date":"2024-05-30T12:10:19","date_gmt":"2024-05-30T10:10:19","guid":{"rendered":"https:\/\/www.iniziativebergamasche.it\/wordpress\/?page_id=3"},"modified":"2024-08-08T15:56:39","modified_gmt":"2024-08-08T13:56:39","slug":"privacy-policy","status":"publish","type":"page","link":"https:\/\/www.iniziativebergamasche.it\/index.php\/privacy-policy\/","title":{"rendered":"Privacy"},"content":{"rendered":"\n<p>Ai sensi del regolamento UE 2016\/679 recante &#8220;Regolamento generale sulla protezione dei dati&#8221;, la societ\u00e0 INIZIATIVE BERGAMASCHE SRL a socio Unico, in qualit\u00e0 di Titolare del Trattamento, \u00e8 tenuto a fornire le dovute informazioni in ordine al trattamento dei dati personali di terzi da lui gestiti per lo svolgimento della propria attivit\u00e0.<\/p>\n\n\n\n<p>In questa sezione del sito istituzionale sono pubblicate, pertanto, le informative che devono essere fornite secondo la normativa citata.<\/p>\n\n\n\n<p>Si segnala, altres\u00ec, che la societ\u00e0 INIZIATIVE BERGAMASCHE SRL a socio Unico, ai sensi dell&#8217;art. 37 del Regolamento UE 2016\/679, ha designato quale&nbsp;<strong>Responsabile della Protezione dei Dati<\/strong>(RPD) l&#8217;avv. Giulio Marchesi.<\/p>\n\n\n\n<p>Il responsabile della Protezione dei Dati \u00e8 raggiungibile, esclusivamente per questioni relative al trattamento dei dati personali, ai seguenti contatti:<\/p>\n\n\n\n<ol start=\"1\" class=\"wp-block-list\">\n<li>recapito postale: Via Piccinini, 3 &#8211; 24121 Bergamo (BG);<\/li>\n\n\n\n<li>indirizzo email:&nbsp;<a href=\"mailto:gdpr@avvocatomarchesi.it\"><strong>gdpr@avvocatomarchesi.it<\/strong><\/a><strong>;<\/strong><\/li>\n\n\n\n<li>indirizzo PEC:&nbsp;<a href=\"mailto:avvgiuliomarchesi@cnfpec.it\"><strong>avvgiuliomarchesi@cnfpec.it<\/strong><\/a><strong>;<\/strong><\/li>\n\n\n\n<li>numero di telefono: 035\/22.30.40<\/li>\n<\/ol>\n\n\n\n<p>Qui di seguito sono visionabili i documenti rilevanti e le informative sulla privacy redatte dal Titolare del Trattamento dei Dati che si riserva il diritto di modificare, aggiornare, aggiungere o rimuovere il contenuto di quanto pubblicato a propria discrezione e in qualsiasi momento. La persona interessata \u00e8, perci\u00f2, tenuta a verificare periodicamente le eventuali modifiche. Al fine di facilitare tale verifica ciascun documento\/informativa conterr\u00e0 la data del suo aggiornamento.<\/p>\n\n\n\n<p><a href=\"https:\/\/www.iniziativebergamasche.it\/wp-content\/uploads\/2024\/08\/Privacy-Policy-inberg-rev.pdf\">Privacy Policy InBerg<\/a> PDF<\/p>\n\n\n\n<p><\/p>\n\n\n\n<p><a href=\"https:\/\/www.iniziativebergamasche.it\/index.php\/cookies\/\">Informativa Sui Cookies<\/a><\/p>\n\n\n\n<p><\/p>\n\n\n\n<p>Per informazioni:<br>Tel. 035\/42.22.111<br>Email.&nbsp;<a href=\"mailto:iniziativebergamaschesrl@legalmail.it\">iniziativebergamaschesrl@legalmail.it<\/a><\/p>\n\n\n\n<p><\/p>\n\n\n\n<p><\/p>\n","protected":false},"excerpt":{"rendered":"<p>Ai sensi del regolamento UE 2016\/679 recante &#8220;Regolamento generale sulla protezione dei dati&#8221;, la societ\u00e0 INIZIATIVE BERGAMASCHE SRL a socio Unico, in qualit\u00e0 di Titolare del Trattamento, \u00e8 tenuto a fornire le dovute informazioni in ordine al trattamento dei dati personali di terzi da lui gestiti per lo svolgimento della propria attivit\u00e0. In questa sezione [&hellip;]<\/p>\n","protected":false},"author":1,"featured_media":0,"parent":0,"menu_order":0,"comment_status":"closed","ping_status":"open","template":"","meta":{"footnotes":""},"class_list":["post-3","page","type-page","status-publish","hentry"],"blocksy_meta":[],"yoast_head":"<!-- This site is optimized with the Yoast SEO plugin v23.0 - https:\/\/yoast.com\/wordpress\/plugins\/seo\/ -->\n<title>Privacy - Iniziative Bergamasche SRL<\/title>\n<meta name=\"robots\" content=\"index, follow, max-snippet:-1, max-image-preview:large, max-video-preview:-1\" \/>\n<link rel=\"canonical\" href=\"https:\/\/www.iniziativebergamasche.it\/index.php\/privacy-policy\/\" \/>\n<meta property=\"og:locale\" content=\"it_IT\" \/>\n<meta property=\"og:type\" content=\"article\" \/>\n<meta property=\"og:title\" content=\"Privacy - Iniziative Bergamasche SRL\" \/>\n<meta property=\"og:description\" content=\"Ai sensi del regolamento UE 2016\/679 recante &#8220;Regolamento generale sulla protezione dei dati&#8221;, la societ\u00e0 INIZIATIVE BERGAMASCHE SRL a socio Unico, in qualit\u00e0 di Titolare del Trattamento, \u00e8 tenuto a fornire le dovute informazioni in ordine al trattamento dei dati personali di terzi da lui gestiti per lo svolgimento della propria attivit\u00e0. In questa sezione [&hellip;]\" \/>\n<meta property=\"og:url\" content=\"https:\/\/www.iniziativebergamasche.it\/index.php\/privacy-policy\/\" \/>\n<meta property=\"og:site_name\" content=\"Iniziative Bergamasche SRL\" \/>\n<meta property=\"article:modified_time\" content=\"2024-08-08T13:56:39+00:00\" \/>\n<meta name=\"twitter:card\" content=\"summary_large_image\" \/>\n<meta name=\"twitter:label1\" content=\"Tempo di lettura stimato\" \/>\n\t<meta name=\"twitter:data1\" content=\"2 minuti\" \/>\n<script type=\"application\/ld+json\" class=\"yoast-schema-graph\">{\"@context\":\"https:\/\/schema.org\",\"@graph\":[{\"@type\":\"WebPage\",\"@id\":\"https:\/\/www.iniziativebergamasche.it\/index.php\/privacy-policy\/\",\"url\":\"https:\/\/www.iniziativebergamasche.it\/index.php\/privacy-policy\/\",\"name\":\"Privacy - Iniziative Bergamasche SRL\",\"isPartOf\":{\"@id\":\"https:\/\/www.iniziativebergamasche.it\/#website\"},\"datePublished\":\"2024-05-30T10:10:19+00:00\",\"dateModified\":\"2024-08-08T13:56:39+00:00\",\"breadcrumb\":{\"@id\":\"https:\/\/www.iniziativebergamasche.it\/index.php\/privacy-policy\/#breadcrumb\"},\"inLanguage\":\"it-IT\",\"potentialAction\":[{\"@type\":\"ReadAction\",\"target\":[\"https:\/\/www.iniziativebergamasche.it\/index.php\/privacy-policy\/\"]}]},{\"@type\":\"BreadcrumbList\",\"@id\":\"https:\/\/www.iniziativebergamasche.it\/index.php\/privacy-policy\/#breadcrumb\",\"itemListElement\":[{\"@type\":\"ListItem\",\"position\":1,\"name\":\"Home\",\"item\":\"https:\/\/www.iniziativebergamasche.it\/\"},{\"@type\":\"ListItem\",\"position\":2,\"name\":\"Privacy\"}]},{\"@type\":\"WebSite\",\"@id\":\"https:\/\/www.iniziativebergamasche.it\/#website\",\"url\":\"https:\/\/www.iniziativebergamasche.it\/\",\"name\":\"Iniziative Bergamasche SRL\",\"description\":\"\",\"publisher\":{\"@id\":\"https:\/\/www.iniziativebergamasche.it\/#organization\"},\"potentialAction\":[{\"@type\":\"SearchAction\",\"target\":{\"@type\":\"EntryPoint\",\"urlTemplate\":\"https:\/\/www.iniziativebergamasche.it\/?s={search_term_string}\"},\"query-input\":\"required name=search_term_string\"}],\"inLanguage\":\"it-IT\"},{\"@type\":\"Organization\",\"@id\":\"https:\/\/www.iniziativebergamasche.it\/#organization\",\"name\":\"Iniziative Bergamasche SRL\",\"url\":\"https:\/\/www.iniziativebergamasche.it\/\",\"logo\":{\"@type\":\"ImageObject\",\"inLanguage\":\"it-IT\",\"@id\":\"https:\/\/www.iniziativebergamasche.it\/#\/schema\/logo\/image\/\",\"url\":\"https:\/\/www.iniziativebergamasche.it\/wp-content\/uploads\/2024\/06\/LogoTemp.png\",\"contentUrl\":\"https:\/\/www.iniziativebergamasche.it\/wp-content\/uploads\/2024\/06\/LogoTemp.png\",\"width\":3840,\"height\":1410,\"caption\":\"Iniziative Bergamasche SRL\"},\"image\":{\"@id\":\"https:\/\/www.iniziativebergamasche.it\/#\/schema\/logo\/image\/\"}}]}<\/script>\n<!-- \/ Yoast SEO plugin. -->","yoast_head_json":{"title":"Privacy - Iniziative Bergamasche SRL","robots":{"index":"index","follow":"follow","max-snippet":"max-snippet:-1","max-image-preview":"max-image-preview:large","max-video-preview":"max-video-preview:-1"},"canonical":"https:\/\/www.iniziativebergamasche.it\/index.php\/privacy-policy\/","og_locale":"it_IT","og_type":"article","og_title":"Privacy - Iniziative Bergamasche SRL","og_description":"Ai sensi del regolamento UE 2016\/679 recante &#8220;Regolamento generale sulla protezione dei dati&#8221;, la societ\u00e0 INIZIATIVE BERGAMASCHE SRL a socio Unico, in qualit\u00e0 di Titolare del Trattamento, \u00e8 tenuto a fornire le dovute informazioni in ordine al trattamento dei dati personali di terzi da lui gestiti per lo svolgimento della propria attivit\u00e0. In questa sezione [&hellip;]","og_url":"https:\/\/www.iniziativebergamasche.it\/index.php\/privacy-policy\/","og_site_name":"Iniziative Bergamasche SRL","article_modified_time":"2024-08-08T13:56:39+00:00","twitter_card":"summary_large_image","twitter_misc":{"Tempo di lettura stimato":"2 minuti"},"schema":{"@context":"https:\/\/schema.org","@graph":[{"@type":"WebPage","@id":"https:\/\/www.iniziativebergamasche.it\/index.php\/privacy-policy\/","url":"https:\/\/www.iniziativebergamasche.it\/index.php\/privacy-policy\/","name":"Privacy - Iniziative Bergamasche SRL","isPartOf":{"@id":"https:\/\/www.iniziativebergamasche.it\/#website"},"datePublished":"2024-05-30T10:10:19+00:00","dateModified":"2024-08-08T13:56:39+00:00","breadcrumb":{"@id":"https:\/\/www.iniziativebergamasche.it\/index.php\/privacy-policy\/#breadcrumb"},"inLanguage":"it-IT","potentialAction":[{"@type":"ReadAction","target":["https:\/\/www.iniziativebergamasche.it\/index.php\/privacy-policy\/"]}]},{"@type":"BreadcrumbList","@id":"https:\/\/www.iniziativebergamasche.it\/index.php\/privacy-policy\/#breadcrumb","itemListElement":[{"@type":"ListItem","position":1,"name":"Home","item":"https:\/\/www.iniziativebergamasche.it\/"},{"@type":"ListItem","position":2,"name":"Privacy"}]},{"@type":"WebSite","@id":"https:\/\/www.iniziativebergamasche.it\/#website","url":"https:\/\/www.iniziativebergamasche.it\/","name":"Iniziative Bergamasche SRL","description":"","publisher":{"@id":"https:\/\/www.iniziativebergamasche.it\/#organization"},"potentialAction":[{"@type":"SearchAction","target":{"@type":"EntryPoint","urlTemplate":"https:\/\/www.iniziativebergamasche.it\/?s={search_term_string}"},"query-input":"required name=search_term_string"}],"inLanguage":"it-IT"},{"@type":"Organization","@id":"https:\/\/www.iniziativebergamasche.it\/#organization","name":"Iniziative Bergamasche SRL","url":"https:\/\/www.iniziativebergamasche.it\/","logo":{"@type":"ImageObject","inLanguage":"it-IT","@id":"https:\/\/www.iniziativebergamasche.it\/#\/schema\/logo\/image\/","url":"https:\/\/www.iniziativebergamasche.it\/wp-content\/uploads\/2024\/06\/LogoTemp.png","contentUrl":"https:\/\/www.iniziativebergamasche.it\/wp-content\/uploads\/2024\/06\/LogoTemp.png","width":3840,"height":1410,"caption":"Iniziative Bergamasche SRL"},"image":{"@id":"https:\/\/www.iniziativebergamasche.it\/#\/schema\/logo\/image\/"}}]}},"_links":{"self":[{"href":"https:\/\/www.iniziativebergamasche.it\/index.php\/wp-json\/wp\/v2\/pages\/3","targetHints":{"allow":["GET"]}}],"collection":[{"href":"https:\/\/www.iniziativebergamasche.it\/index.php\/wp-json\/wp\/v2\/pages"}],"about":[{"href":"https:\/\/www.iniziativebergamasche.it\/index.php\/wp-json\/wp\/v2\/types\/page"}],"author":[{"embeddable":true,"href":"https:\/\/www.iniziativebergamasche.it\/index.php\/wp-json\/wp\/v2\/users\/1"}],"replies":[{"embeddable":true,"href":"https:\/\/www.iniziativebergamasche.it\/index.php\/wp-json\/wp\/v2\/comments?post=3"}],"version-history":[{"count":10,"href":"https:\/\/www.iniziativebergamasche.it\/index.php\/wp-json\/wp\/v2\/pages\/3\/revisions"}],"predecessor-version":[{"id":225,"href":"https:\/\/www.iniziativebergamasche.it\/index.php\/wp-json\/wp\/v2\/pages\/3\/revisions\/225"}],"wp:attachment":[{"href":"https:\/\/www.iniziativebergamasche.it\/index.php\/wp-json\/wp\/v2\/media?parent=3"}],"curies":[{"name":"wp","href":"https:\/\/api.w.org\/{rel}","templated":true}]}}